{"id":607,"date":"2024-06-27T15:53:14","date_gmt":"2024-06-27T15:53:14","guid":{"rendered":"https:\/\/www.pedrof.com\/blog\/?page_id=607"},"modified":"2026-03-09T16:49:12","modified_gmt":"2026-03-09T16:49:12","slug":"sobre","status":"publish","type":"page","link":"https:\/\/www.pedrof.com\/blog\/pt\/","title":{"rendered":"Sobre mim"},"content":{"rendered":"\n<div class=\"wp-block-columns is-layout-flex wp-container-core-columns-is-layout-9d6595d7 wp-block-columns-is-layout-flex\">\n<div class=\"wp-block-column is-layout-flow wp-block-column-is-layout-flow\"><div class=\"wp-block-image\">\n<figure class=\"aligncenter size-large is-resized\"><img decoding=\"async\" src=\"https:\/\/www.pedrof.com\/images\/Pedro_Fernandes_photo.jpg\" alt=\"\" style=\"width:auto;height:200px\"\/><\/figure>\n<\/div>\n\n\n<p class=\"has-text-align-left\">Ol\u00e1!<br>O meu nome \u00e9 Pedro Fernandes e sou um Analista de Ciberseguran\u00e7a focado em seguran\u00e7a de Endpoints Windows e resposta a incidentes.<\/p>\n\n\n\n<p class=\"has-text-align-left\">Tenho experi\u00eancia em gest\u00e3o de redes, administra\u00e7\u00e3o de sistemas,<br>pol\u00edticas de seguran\u00e7a, e opera\u00e7\u00f5es Blue Team, incluindo resposta a incidentes de seguran\u00e7a da informa\u00e7\u00e3o. Trabalhei na <a href=\"https:\/\/www.pedrof.com\/blog\/pt\/2024\/eu-comecei-a-trabalhar-para-a-microsoft\/\" data-type=\"link\" data-id=\"https:\/\/www.pedrof.com\/blog\/pt\/2024\/eu-comecei-a-trabalhar-para-a-microsoft\/\">Microsoft<\/a> e no <a href=\"https:\/\/www.pedrof.com\/blog\/pt\/2025\/eu-comecei-a-trabalhar-no-centro-nacional-de-ciberseguranca\/\" data-type=\"post\" data-id=\"1105\">Centro Nacional de Ciberseguran\u00e7a<\/a>. Sou tamb\u00e9m um <a href=\"https:\/\/www.pedrof.com\/blog\/pt\/2023\/sou-agora-um-hacker-etico-certificado\/\" data-type=\"post\" data-id=\"138\"><br>Hacker \u00c9tico Certificado<\/a>.<\/p>\n\n\n\n<p class=\"has-text-align-left\"><\/p>\n\n\n\n<p>O que me inspira \u00e9 Investigar e aprender, criar solu\u00e7\u00f5es, e ajudar as pessoas.<\/p>\n\n\n\n<p>Para al\u00e9m de tecnologia, tenho interesse em Arte, Fotografia, Cinema, Arquitectura, Design, Natureza e Ci\u00eancia.<\/p>\n<\/div>\n\n\n\n<div class=\"wp-block-column is-layout-flow wp-block-column-is-layout-flow\">\n<h3 class=\"wp-block-heading\">Do Blog:<\/h3>\n\n\n\n<div class=\"wp-block-query is-layout-flow wp-block-query-is-layout-flow\"><ul class=\"wp-block-post-template is-layout-flow wp-block-post-template-is-layout-flow\"><li class=\"wp-block-post post-1620 post type-post status-publish format-standard hentry category-news tag-cloud-en tag-networking tag-cybersecurity entry\">\n<h5 style=\"padding-top:var(--wp--preset--spacing--20);padding-bottom:var(--wp--preset--spacing--20);\" class=\"wp-block-post-title\"><a href=\"https:\/\/www.pedrof.com\/blog\/en\/2026\/launching-safelink365\/\" target=\"_self\" >Launching SafeLink365!<\/a><\/h5>\n<\/li><li class=\"wp-block-post post-1633 post type-post status-publish format-standard hentry category-noticias tag-ciberseguranca tag-nuvem tag-redes entry\">\n<h5 style=\"padding-top:var(--wp--preset--spacing--20);padding-bottom:var(--wp--preset--spacing--20);\" class=\"wp-block-post-title\"><a href=\"https:\/\/www.pedrof.com\/blog\/pt\/2026\/lancamento-da-safelink365\/\" target=\"_self\" >Lan\u00e7amento da SafeLink365!<\/a><\/h5>\n<\/li><li class=\"wp-block-post post-1670 post type-post status-publish format-standard has-post-thumbnail hentry category-formacao tag-azure-pt tag-certificado tag-ciberseguranca tag-microsoft-defender-endpoint-pt tag-nuvem entry\">\n<h5 style=\"padding-top:var(--wp--preset--spacing--20);padding-bottom:var(--wp--preset--spacing--20);\" class=\"wp-block-post-title\"><a href=\"https:\/\/www.pedrof.com\/blog\/pt\/2026\/acabei-de-passar-no-exame-microsoft-365-certified-fundamentals\/\" target=\"_self\" >Acabei de passar no exame  &#8220;Microsoft 365 Certified: Fundamentals&#8221;<\/a><\/h5>\n<\/li><li class=\"wp-block-post post-1661 post type-post status-publish format-standard has-post-thumbnail hentry category-training tag-azure-en tag-certificate tag-cloud-en tag-cybersecurity tag-microsoft-defender-endpoint-en entry\">\n<h5 style=\"padding-top:var(--wp--preset--spacing--20);padding-bottom:var(--wp--preset--spacing--20);\" class=\"wp-block-post-title\"><a href=\"https:\/\/www.pedrof.com\/blog\/en\/2026\/i-just-passed-microsoft-365-certified-fundamentals-exam\/\" target=\"_self\" >I just passed the &#8220;Microsoft 365 Certified: Fundamentals&#8221; exam<\/a><\/h5>\n<\/li><li class=\"wp-block-post post-1651 post type-post status-publish format-standard has-post-thumbnail hentry category-news tag-cybersecurity entry\">\n<h5 style=\"padding-top:var(--wp--preset--spacing--20);padding-bottom:var(--wp--preset--spacing--20);\" class=\"wp-block-post-title\"><a href=\"https:\/\/www.pedrof.com\/blog\/en\/2026\/today-i-attended-pme-talks-on-road\/\" target=\"_self\" >Today I attended &#8220;PME Talks on Road&#8221;<\/a><\/h5>\n<\/li><li class=\"wp-block-post post-1636 post type-post status-publish format-standard has-post-thumbnail hentry category-formacao tag-cncs-pt tag-ciberseguranca tag-nis2-pt entry\">\n<h5 style=\"padding-top:var(--wp--preset--spacing--20);padding-bottom:var(--wp--preset--spacing--20);\" class=\"wp-block-post-title\"><a href=\"https:\/\/www.pedrof.com\/blog\/pt\/2026\/participei-no-roteiro-nis2-do-centro-nacional-de-ciberseguranca\/\" target=\"_self\" >Participei no &#8220;Roteiro NIS2&#8221;, do Centro Nacional de Ciberseguran\u00e7a<\/a><\/h5>\n<\/li><li class=\"wp-block-post post-1625 post type-post status-publish format-standard has-post-thumbnail hentry category-training tag-cybersecurity tag-cncs-en tag-nis2-en entry\">\n<h5 style=\"padding-top:var(--wp--preset--spacing--20);padding-bottom:var(--wp--preset--spacing--20);\" class=\"wp-block-post-title\"><a href=\"https:\/\/www.pedrof.com\/blog\/en\/2026\/i-participated-in-the-nis2-roadmap-from-the-national-cybersecurity-centre\/\" target=\"_self\" >I participated in the &#8220;NIS2 Roadmap&#8221;, from the National Cybersecurity Centre<\/a><\/h5>\n<\/li><\/ul>\n\n\n<p><\/p>\n<\/div>\n<\/div>\n<\/div>\n\n\n\n<h3 class=\"wp-block-heading has-text-align-center\"><a href=\"https:\/\/www.pedrof.com\/cv\/pt\" data-type=\"link\" data-id=\"https:\/\/www.pedrof.com\/cv\/pt\">Curriculum Vitae<\/a><\/h3>\n","protected":false},"excerpt":{"rendered":"<p>Ol\u00e1!O meu nome \u00e9 Pedro Fernandes e sou um Analista de Ciberseguran\u00e7a focado em seguran\u00e7a de Endpoints Windows e resposta a incidentes. Tenho experi\u00eancia em gest\u00e3o de redes, administra\u00e7\u00e3o de sistemas,pol\u00edticas de seguran\u00e7a, e opera\u00e7\u00f5es Blue Team, incluindo resposta a incidentes de seguran\u00e7a da informa\u00e7\u00e3o. Trabalhei na Microsoft e no Centro Nacional de Ciberseguran\u00e7a. Sou&hellip; <a class=\"more-link\" href=\"https:\/\/www.pedrof.com\/blog\/pt\/\">Continue reading <span class=\"screen-reader-text\">Sobre mim<\/span><\/a><\/p>\n","protected":false},"author":1,"featured_media":0,"parent":0,"menu_order":0,"comment_status":"closed","ping_status":"closed","template":"","meta":{"footnotes":""},"class_list":["post-607","page","type-page","status-publish","hentry","entry"],"_links":{"self":[{"href":"https:\/\/www.pedrof.com\/blog\/wp-json\/wp\/v2\/pages\/607","targetHints":{"allow":["GET"]}}],"collection":[{"href":"https:\/\/www.pedrof.com\/blog\/wp-json\/wp\/v2\/pages"}],"about":[{"href":"https:\/\/www.pedrof.com\/blog\/wp-json\/wp\/v2\/types\/page"}],"author":[{"embeddable":true,"href":"https:\/\/www.pedrof.com\/blog\/wp-json\/wp\/v2\/users\/1"}],"replies":[{"embeddable":true,"href":"https:\/\/www.pedrof.com\/blog\/wp-json\/wp\/v2\/comments?post=607"}],"version-history":[{"count":107,"href":"https:\/\/www.pedrof.com\/blog\/wp-json\/wp\/v2\/pages\/607\/revisions"}],"predecessor-version":[{"id":1646,"href":"https:\/\/www.pedrof.com\/blog\/wp-json\/wp\/v2\/pages\/607\/revisions\/1646"}],"wp:attachment":[{"href":"https:\/\/www.pedrof.com\/blog\/wp-json\/wp\/v2\/media?parent=607"}],"curies":[{"name":"wp","href":"https:\/\/api.w.org\/{rel}","templated":true}]}}