{"id":406,"date":"2024-06-13T12:26:43","date_gmt":"2024-06-13T12:26:43","guid":{"rendered":"https:\/\/www.pedrof.com\/blog\/?page_id=406"},"modified":"2024-06-13T12:26:44","modified_gmt":"2024-06-13T12:26:44","slug":"instalador-do-zenmap-para-kali-linux","status":"publish","type":"page","link":"https:\/\/www.pedrof.com\/blog\/pt\/projetos\/instalador-do-zenmap-para-kali-linux\/","title":{"rendered":"Instalador do Zenmap para Kali Linux"},"content":{"rendered":"\n<p>Instala o Zenmap no Kali Linux, faz o download das depend\u00eancias necess\u00e1rias, converte e instala os pacotes e define os par\u00e2metros de execu\u00e7\u00e3o<\/p>\n","protected":false},"excerpt":{"rendered":"<p>Instala o Zenmap no Kali Linux, faz o download das depend\u00eancias necess\u00e1rias, converte e instala os pacotes e define os par\u00e2metros de execu\u00e7\u00e3o<\/p>\n","protected":false},"author":1,"featured_media":0,"parent":313,"menu_order":0,"comment_status":"closed","ping_status":"closed","template":"","meta":{"footnotes":""},"class_list":["post-406","page","type-page","status-publish","hentry","entry"],"_links":{"self":[{"href":"https:\/\/www.pedrof.com\/blog\/wp-json\/wp\/v2\/pages\/406","targetHints":{"allow":["GET"]}}],"collection":[{"href":"https:\/\/www.pedrof.com\/blog\/wp-json\/wp\/v2\/pages"}],"about":[{"href":"https:\/\/www.pedrof.com\/blog\/wp-json\/wp\/v2\/types\/page"}],"author":[{"embeddable":true,"href":"https:\/\/www.pedrof.com\/blog\/wp-json\/wp\/v2\/users\/1"}],"replies":[{"embeddable":true,"href":"https:\/\/www.pedrof.com\/blog\/wp-json\/wp\/v2\/comments?post=406"}],"version-history":[{"count":1,"href":"https:\/\/www.pedrof.com\/blog\/wp-json\/wp\/v2\/pages\/406\/revisions"}],"predecessor-version":[{"id":407,"href":"https:\/\/www.pedrof.com\/blog\/wp-json\/wp\/v2\/pages\/406\/revisions\/407"}],"up":[{"embeddable":true,"href":"https:\/\/www.pedrof.com\/blog\/wp-json\/wp\/v2\/pages\/313"}],"wp:attachment":[{"href":"https:\/\/www.pedrof.com\/blog\/wp-json\/wp\/v2\/media?parent=406"}],"curies":[{"name":"wp","href":"https:\/\/api.w.org\/{rel}","templated":true}]}}