{"id":392,"date":"2024-06-13T12:15:23","date_gmt":"2024-06-13T12:15:23","guid":{"rendered":"https:\/\/www.pedrof.com\/blog\/?page_id=392"},"modified":"2024-06-13T12:16:16","modified_gmt":"2024-06-13T12:16:16","slug":"copia-diaria","status":"publish","type":"page","link":"https:\/\/www.pedrof.com\/blog\/pt\/projetos\/copia-diaria\/","title":{"rendered":"C\u00f3pia Di\u00e1ria"},"content":{"rendered":"\n<p>C\u00f3pia de seguran\u00e7a de pastas do Windows, encriptada, com reten\u00e7\u00e3o configur\u00e1vel (at\u00e9 365 dias)<\/p>\n\n\n\n<p>C\u00f3pia de\/para: Pastas locais, Partilhas de rede e Dispositivos USB<\/p>\n\n\n\n<p>Escrito em Batch, utiliza o 7-Zip para a criptografia e compress\u00e3o.<\/p>\n","protected":false},"excerpt":{"rendered":"<p>C\u00f3pia de seguran\u00e7a de pastas do Windows, encriptada, com reten\u00e7\u00e3o configur\u00e1vel (at\u00e9 365 dias) C\u00f3pia de\/para: Pastas locais, Partilhas de rede e Dispositivos USB Escrito em Batch, utiliza o 7-Zip para a criptografia e compress\u00e3o.<\/p>\n","protected":false},"author":1,"featured_media":0,"parent":313,"menu_order":0,"comment_status":"closed","ping_status":"closed","template":"","meta":{"footnotes":""},"class_list":["post-392","page","type-page","status-publish","hentry","entry"],"_links":{"self":[{"href":"https:\/\/www.pedrof.com\/blog\/wp-json\/wp\/v2\/pages\/392","targetHints":{"allow":["GET"]}}],"collection":[{"href":"https:\/\/www.pedrof.com\/blog\/wp-json\/wp\/v2\/pages"}],"about":[{"href":"https:\/\/www.pedrof.com\/blog\/wp-json\/wp\/v2\/types\/page"}],"author":[{"embeddable":true,"href":"https:\/\/www.pedrof.com\/blog\/wp-json\/wp\/v2\/users\/1"}],"replies":[{"embeddable":true,"href":"https:\/\/www.pedrof.com\/blog\/wp-json\/wp\/v2\/comments?post=392"}],"version-history":[{"count":2,"href":"https:\/\/www.pedrof.com\/blog\/wp-json\/wp\/v2\/pages\/392\/revisions"}],"predecessor-version":[{"id":394,"href":"https:\/\/www.pedrof.com\/blog\/wp-json\/wp\/v2\/pages\/392\/revisions\/394"}],"up":[{"embeddable":true,"href":"https:\/\/www.pedrof.com\/blog\/wp-json\/wp\/v2\/pages\/313"}],"wp:attachment":[{"href":"https:\/\/www.pedrof.com\/blog\/wp-json\/wp\/v2\/media?parent=392"}],"curies":[{"name":"wp","href":"https:\/\/api.w.org\/{rel}","templated":true}]}}