{"id":313,"date":"2024-06-11T20:40:09","date_gmt":"2024-06-11T20:40:09","guid":{"rendered":"https:\/\/www.pedrof.com\/blog\/?page_id=313"},"modified":"2025-01-25T12:22:48","modified_gmt":"2025-01-25T12:22:48","slug":"projetos","status":"publish","type":"page","link":"https:\/\/www.pedrof.com\/blog\/pt\/projetos\/","title":{"rendered":"Projetos"},"content":{"rendered":"\n<p>Projetos desenvolvidos por <a href=\"https:\/\/www.pedrof.com\/\" data-type=\"link\" data-id=\"https:\/\/www.pedrof.com\/\">Pedro Fernandes<\/a>:<\/p>\n\n\n\n<ul class=\"wp-block-list\">\n<li><strong><a href=\"https:\/\/www.pedrof.com\/blog\/pt\/projetos\/fixer-for-crowdstrike-incident\/\" data-type=\"link\" data-id=\"https:\/\/www.pedrof.com\/blog\/pt\/projetos\/fixer-for-crowdstrike-incident\/\">Fixer for CrowdStrike incident<\/a><\/strong> \u2013 Ferramenta para ajudar a remover os ficheiros problem\u00e1ticos C-00000291*.sys causados pela <a href=\"https:\/\/www.pedrof.com\/blog\/pt\/2024\/falhas-informaticas-a-nivel-global-devido-a-uma-atualizacao-da-crowdstrike\/\" data-type=\"post\" data-id=\"965\">atualiza\u00e7\u00e3o problem\u00e1tica da CrowdStrike<\/a><\/li>\n\n\n\n<li><a href=\"https:\/\/www.pedrof.com\/blog\/pt\/projetos\/cloud-vpn\/\" data-type=\"page\" data-id=\"320\"><strong>CloudVPN<\/strong><\/a> &#8211; Solu\u00e7\u00e3o de conectividade entre computadores, encriptada<\/li>\n\n\n\n<li><strong><a href=\"https:\/\/www.pedrof.com\/blog\/pt\/projetos\/instalador-do-softether\/\" data-type=\"page\" data-id=\"380\">Instalador do SoftEther<\/a><\/strong> &#8211; Ferramenta tudo-em-um para instalar o SoftEther VPN Server em servidor Linux<\/li>\n\n\n\n<li><strong><a href=\"https:\/\/www.pedrof.com\/blog\/pt\/projetos\/copia-diaria\/\" data-type=\"page\" data-id=\"392\">C\u00f3pia Di\u00e1ria<\/a><\/strong> &#8211; C\u00f3pia de seguran\u00e7a de pastas do Windows, encriptada, com reten\u00e7\u00e3o configur\u00e1vel<\/li>\n\n\n\n<li><a href=\"https:\/\/www.pedrof.com\/blog\/pt\/projetos\/actualizador-para-kali-linux\/\" data-type=\"page\" data-id=\"399\"><strong>Actualizador para Kali Linux<\/strong><\/a> &#8211; Para facilmente actualizar o sistema<\/li>\n\n\n\n<li><strong><a href=\"https:\/\/www.pedrof.com\/blog\/pt\/projetos\/instalador-do-zenmap-para-kali-linux\/\" data-type=\"page\" data-id=\"406\">Instalador do Zenmap para Kali Linux<\/a><\/strong> &#8211; Instala o Zenmap no Kali Linux<\/li>\n\n\n\n<li><strong><a href=\"https:\/\/www.pedrof.com\/blog\/pt\/projetos\/cloud-backup\/\" data-type=\"link\" data-id=\"https:\/\/www.pedrof.com\/blog\/pt\/projetos\/cloud-backup\/\">CloudBackup<\/a><\/strong> &#8211; C\u00f3pias de seguran\u00e7a resistentes a malware e ransomware, encriptadas<\/li>\n\n\n\n<li><strong><a href=\"https:\/\/www.pedrof.com\/blog\/pt\/projetos\/passphrase-generator\/\" data-type=\"page\" data-id=\"429\">Passphrase Generator<\/a><\/strong> &#8211; Aplica\u00e7\u00e3o para criar \u201cpasswords\u201d baseadas em frases<\/li>\n\n\n\n<li><strong><a href=\"https:\/\/www.pedrof.com\/blog\/pt\/projetos\/xmrig-detector\/\" data-type=\"page\" data-id=\"449\">XMRig Detector<\/a><\/strong> &#8211; Ferramenta para detectar minera\u00e7\u00e3o n\u00e3o-autorizada de Criptomoedas<\/li>\n\n\n\n<li><a href=\"https:\/\/www.pedrof.com\/blog\/pt\/projetos\/open-runnable-bundle\/\" data-type=\"page\" data-id=\"460\"><strong>Open Runnable Bundle (ORB)<\/strong><\/a> &#8211; Formato de ficheiros baseado na ISO 9660<\/li>\n\n\n\n<li><strong><a href=\"https:\/\/www.pedrof.com\/blog\/pt\/projetos\/app-runner\/\" data-type=\"link\" data-id=\"https:\/\/www.pedrof.com\/blog\/pt\/projetos\/app-runner\/\">AppRunner<\/a><\/strong> &#8211; Aplica\u00e7\u00e3o para facilmente correr scripts e execut\u00e1veis em sistemas Linux<\/li>\n\n\n\n<li><strong><a href=\"https:\/\/www.pedrof.com\/blog\/pt\/projetos\/cd2usb\/\" data-type=\"page\" data-id=\"480\">CD2USB<\/a><\/strong> &#8211; Aplica\u00e7\u00e3o Windows para criar facilmente dispositivos de arranque LiveUSB de Linux<\/li>\n\n\n\n<li><strong><a href=\"https:\/\/www.pedrof.com\/blog\/pt\/projetos\/super-os\/\" data-type=\"link\" data-id=\"https:\/\/www.pedrof.com\/blog\/pt\/projetos\/super-os\/\">SuperOS<\/a><\/strong> &#8211; Distribui\u00e7\u00e3o de Linux baseada em Ubuntu<\/li>\n<\/ul>\n","protected":false},"excerpt":{"rendered":"<p>Projetos desenvolvidos por Pedro Fernandes:<\/p>\n","protected":false},"author":1,"featured_media":0,"parent":0,"menu_order":0,"comment_status":"closed","ping_status":"closed","template":"","meta":{"footnotes":""},"class_list":["post-313","page","type-page","status-publish","hentry","entry"],"_links":{"self":[{"href":"https:\/\/www.pedrof.com\/blog\/wp-json\/wp\/v2\/pages\/313","targetHints":{"allow":["GET"]}}],"collection":[{"href":"https:\/\/www.pedrof.com\/blog\/wp-json\/wp\/v2\/pages"}],"about":[{"href":"https:\/\/www.pedrof.com\/blog\/wp-json\/wp\/v2\/types\/page"}],"author":[{"embeddable":true,"href":"https:\/\/www.pedrof.com\/blog\/wp-json\/wp\/v2\/users\/1"}],"replies":[{"embeddable":true,"href":"https:\/\/www.pedrof.com\/blog\/wp-json\/wp\/v2\/comments?post=313"}],"version-history":[{"count":48,"href":"https:\/\/www.pedrof.com\/blog\/wp-json\/wp\/v2\/pages\/313\/revisions"}],"predecessor-version":[{"id":1085,"href":"https:\/\/www.pedrof.com\/blog\/wp-json\/wp\/v2\/pages\/313\/revisions\/1085"}],"wp:attachment":[{"href":"https:\/\/www.pedrof.com\/blog\/wp-json\/wp\/v2\/media?parent=313"}],"curies":[{"name":"wp","href":"https:\/\/api.w.org\/{rel}","templated":true}]}}