{"id":1072,"date":"2024-07-23T20:36:00","date_gmt":"2024-07-23T20:36:00","guid":{"rendered":"https:\/\/www.pedrof.com\/blog\/?page_id=1072"},"modified":"2025-01-25T14:07:52","modified_gmt":"2025-01-25T14:07:52","slug":"fixer-for-crowdstrike-incident","status":"publish","type":"page","link":"https:\/\/www.pedrof.com\/blog\/pt\/projetos\/fixer-for-crowdstrike-incident\/","title":{"rendered":"Fixer for CrowdStrike incident"},"content":{"rendered":"\n<figure class=\"wp-block-image size-full\"><img loading=\"lazy\" decoding=\"async\" width=\"513\" height=\"467\" src=\"https:\/\/www.pedrof.com\/blog\/wp-content\/uploads\/2025\/01\/CrowdStrike_Fixer-1.png\" alt=\"\" class=\"wp-image-1089\" srcset=\"https:\/\/www.pedrof.com\/blog\/wp-content\/uploads\/2025\/01\/CrowdStrike_Fixer-1.png 513w, https:\/\/www.pedrof.com\/blog\/wp-content\/uploads\/2025\/01\/CrowdStrike_Fixer-1-300x273.png 300w\" sizes=\"auto, (max-width: 513px) 100vw, 513px\" \/><\/figure>\n\n\n\n<p>Este programa ajuda a eliminar os ficheiros problem\u00e1ticos, de forma simples, podendo ser utilizador por funcion\u00e1rios J\u00fanior de TI.<\/p>\n\n\n\n<p>Este programa foi criado em Object Pascal, com o Lazarus IDE, e foi lan\u00e7ado gratuitamente, como open-source.<\/p>\n\n\n\n<p>Mais detalhes <a href=\"https:\/\/www.pedrof.com\/blog\/en\/projects\/fixer-for-crowdstrike-incident\/\" data-type=\"link\" data-id=\"https:\/\/www.pedrof.com\/blog\/en\/projects\/fixer-for-crowdstrike-incident\/\">na p\u00e1gina em Ingl\u00eas<\/a>.<\/p>\n","protected":false},"excerpt":{"rendered":"<p>Este programa ajuda a eliminar os ficheiros problem\u00e1ticos, de forma simples, podendo ser utilizador por funcion\u00e1rios J\u00fanior de TI. Este programa foi criado em Object Pascal, com o Lazarus IDE, e foi lan\u00e7ado gratuitamente, como open-source. Mais detalhes na p\u00e1gina em Ingl\u00eas.<\/p>\n","protected":false},"author":1,"featured_media":1086,"parent":313,"menu_order":0,"comment_status":"closed","ping_status":"closed","template":"","meta":{"footnotes":""},"class_list":["post-1072","page","type-page","status-publish","has-post-thumbnail","hentry","entry"],"_links":{"self":[{"href":"https:\/\/www.pedrof.com\/blog\/wp-json\/wp\/v2\/pages\/1072","targetHints":{"allow":["GET"]}}],"collection":[{"href":"https:\/\/www.pedrof.com\/blog\/wp-json\/wp\/v2\/pages"}],"about":[{"href":"https:\/\/www.pedrof.com\/blog\/wp-json\/wp\/v2\/types\/page"}],"author":[{"embeddable":true,"href":"https:\/\/www.pedrof.com\/blog\/wp-json\/wp\/v2\/users\/1"}],"replies":[{"embeddable":true,"href":"https:\/\/www.pedrof.com\/blog\/wp-json\/wp\/v2\/comments?post=1072"}],"version-history":[{"count":7,"href":"https:\/\/www.pedrof.com\/blog\/wp-json\/wp\/v2\/pages\/1072\/revisions"}],"predecessor-version":[{"id":1090,"href":"https:\/\/www.pedrof.com\/blog\/wp-json\/wp\/v2\/pages\/1072\/revisions\/1090"}],"up":[{"embeddable":true,"href":"https:\/\/www.pedrof.com\/blog\/wp-json\/wp\/v2\/pages\/313"}],"wp:featuredmedia":[{"embeddable":true,"href":"https:\/\/www.pedrof.com\/blog\/wp-json\/wp\/v2\/media\/1086"}],"wp:attachment":[{"href":"https:\/\/www.pedrof.com\/blog\/wp-json\/wp\/v2\/media?parent=1072"}],"curies":[{"name":"wp","href":"https:\/\/api.w.org\/{rel}","templated":true}]}}